{"id":906,"date":"2015-09-14T18:51:38","date_gmt":"2015-09-14T16:51:38","guid":{"rendered":"http:\/\/wp.albedo.it\/?page_id=906"},"modified":"2015-09-17T11:34:57","modified_gmt":"2015-09-17T09:34:57","slug":"magazine","status":"publish","type":"page","link":"https:\/\/www.albedo.it\/?page_id=906","title":{"rendered":"magazine"},"content":{"rendered":"<p>[large]<br \/>\n<!--W4PL_List_911-->\n<div id=\"w4pl-list-911\" class=\"w4pl\">\n\t<div id=\"w4pl-inner-911\" class=\"w4pl-inner\">\n\t\t<ul>\r\n<li>\r\n<abbr class=\"published post-date\" title=\"21:16\"><strong>Published<\/strong>: 26 Maggio 2018<\/abbr>\r\n<h3><a class=\"post_title w4pl_post_title\" href=\"https:\/\/www.albedo.it\/?p=1210\" title=\"View Privacy Link\">Privacy Link<\/a><\/h3>\r\n<div class=\"post-excerpt\">Abbiamo Raccolto in questa pagina tutte le informazioni utili della nostra privacy policy Il testo della nostra privicy policy (aggiornato al GPDR) Scaricare il documento Privacy in pdf\/a Annuncio Nomina DPO\/RPD Richiesta Cancellazione Dati<\/div>\r\n<a class=\"read_more\" href=\"https:\/\/www.albedo.it\/?p=1210\" title=\"Continue reading &raquo; Privacy Link\">Continue reading &raquo;<\/a>\r\n<hr>\r\n<\/li>\r\n\r\n<li>\r\n<abbr class=\"published post-date\" title=\"00:20\"><strong>Published<\/strong>: 26 Maggio 2018<\/abbr>\r\n<h3><a class=\"post_title w4pl_post_title\" href=\"https:\/\/www.albedo.it\/?p=1185\" title=\"View GPDR &#8211; Nomina DPO\">GPDR &#8211; Nomina DPO<\/a><\/h3>\r\n<div class=\"post-excerpt\">Diamo calorosamente il benvento al nostro Responsabile della Protezione dei Dati (anche detto DPO , Data Protecion Officer). Da oggi quindi per ogni informazione, richiesta o altro concernente le informazioni da noi trattate potete rivolgervi all'Ing. Grande Rosa scrivendo al suo indirizzo dpo@albedo.it &nbsp;<\/div>\r\n<a class=\"read_more\" href=\"https:\/\/www.albedo.it\/?p=1185\" title=\"Continue reading &raquo; GPDR &#8211; Nomina DPO\">Continue reading &raquo;<\/a>\r\n<hr>\r\n<\/li>\r\n\r\n<li>\r\n<abbr class=\"published post-date\" title=\"00:13\"><strong>Published<\/strong>: 13 Settembre 2015<\/abbr>\r\n<h3><a class=\"post_title w4pl_post_title\" href=\"https:\/\/www.albedo.it\/?p=576\" title=\"View I servizi ARM e BCK\">I servizi ARM e BCK<\/a><\/h3>\r\n<div class=\"post-excerpt\">Come dicevamo, permetteteci fare un minimo di pubblicit\u00e0 ad un paio di nuovi servizi. La pubblicit\u00e0 sar\u00e0 sempre poca in queste news, ma almeno far sapere cosa possiamo fare di nuovo per i nostri clienti ci sembra ragionevole. Oggi parliamo particolarmente di due nuovi servizi... &nbsp; Albedo\u00a0ARM &nbsp; Albedo ARM&hellip;<\/div>\r\n<a class=\"read_more\" href=\"https:\/\/www.albedo.it\/?p=576\" title=\"Continue reading &raquo; I servizi ARM e BCK\">Continue reading &raquo;<\/a>\r\n<hr>\r\n<\/li>\r\n\r\n<li>\r\n<abbr class=\"published post-date\" title=\"00:12\"><strong>Published<\/strong>: 13 Settembre 2015<\/abbr>\r\n<h3><a class=\"post_title w4pl_post_title\" href=\"https:\/\/www.albedo.it\/?p=573\" title=\"View La nuova infrastruttura.\">La nuova infrastruttura.<\/a><\/h3>\r\n<div class=\"post-excerpt\">Nell\u2019ottica di offrire un servizio sempre pi\u00f9 stabile ed affidabile abbiamo nell\u2019ultimo anno lavorato molto sulla struttura. In primo luogo abbiamo trasportato la maggior parte dei nostri sistemi in un data center. I sistemi sono sempre controllati e gestiti integralmente da noi ma finalmente ci siamo affrancati dalla gestione del&hellip;<\/div>\r\n<a class=\"read_more\" href=\"https:\/\/www.albedo.it\/?p=573\" title=\"Continue reading &raquo; La nuova infrastruttura.\">Continue reading &raquo;<\/a>\r\n<hr>\r\n<\/li>\r\n\r\n<li>\r\n<abbr class=\"published post-date\" title=\"00:11\"><strong>Published<\/strong>: 13 Settembre 2015<\/abbr>\r\n<h3><a class=\"post_title w4pl_post_title\" href=\"https:\/\/www.albedo.it\/?p=570\" title=\"View Anche noi&#8230;\">Anche noi&#8230;<\/a><\/h3>\r\n<div class=\"post-excerpt\">Ebbene si! &nbsp; La decisione \u00e8 stata sofferta (non abbiamo quasi mai fatto pubblicit\u00e0), trovare le risorse (tempo e persone) anche peggio, ma alla fine anche noi ci siamo adeguati. E\u2019 pur vero che un poco di pubblicit\u00e0 non fa mai male, anche se in realt\u00e0 il notiziario sar\u00e0 pi\u00f9&hellip;<\/div>\r\n<a class=\"read_more\" href=\"https:\/\/www.albedo.it\/?p=570\" title=\"Continue reading &raquo; Anche noi&#8230;\">Continue reading &raquo;<\/a>\r\n<hr>\r\n<\/li>\r\n\r\n<li>\r\n<abbr class=\"published post-date\" title=\"00:10\"><strong>Published<\/strong>: 13 Settembre 2015<\/abbr>\r\n<h3><a class=\"post_title w4pl_post_title\" href=\"https:\/\/www.albedo.it\/?p=567\" title=\"View 20 anni!!!\">20 anni!!!<\/a><\/h3>\r\n<div class=\"post-excerpt\">Il tempo passa, non sembra vero ma in questi giorni la nostra societ\u00e0 compie 20 anni. La sua costituzione, infatti, \u00a0risale al Giugno del 1995, i primi modem a Settembre, le prime connessioni tra Ottobre e Dicembre. Allora tutto era veramente diverso, niente linee veloci, connessione con modem a 9600&hellip;<\/div>\r\n<a class=\"read_more\" href=\"https:\/\/www.albedo.it\/?p=567\" title=\"Continue reading &raquo; 20 anni!!!\">Continue reading &raquo;<\/a>\r\n<hr>\r\n<\/li>\r\n<\/ul>\n\t<\/div><!--#w4pl-inner-911-->\n<\/div><!--#w4pl-911-->\n<!--END_W4PL_List_911-->\n<br \/>\n[\/large]<\/p>\n<p>[small_last]<br \/>\n<div class=\"asl_w_container asl_w_container_1\">\r\n\t<div id='ajaxsearchlite1'\r\n\t\t data-id=\"1\"\r\n\t\t data-instance=\"1\"\r\n\t\t class=\"asl_w asl_m asl_m_1 asl_m_1_1\">\r\n\t\t<div class=\"probox\">\r\n\r\n\t\r\n\t<div class='prosettings'  data-opened=0>\r\n\t\t\t\t<div class='innericon'>\r\n\t\t\t<svg version=\"1.1\" xmlns=\"http:\/\/www.w3.org\/2000\/svg\" xmlns:xlink=\"http:\/\/www.w3.org\/1999\/xlink\" x=\"0px\" y=\"0px\" width=\"22\" height=\"22\" viewBox=\"0 0 512 512\" enable-background=\"new 0 0 512 512\" xml:space=\"preserve\">\r\n\t\t\t\t\t<polygon transform = \"rotate(90 256 256)\" points=\"142.332,104.886 197.48,50 402.5,256 197.48,462 142.332,407.113 292.727,256 \"\/>\r\n\t\t\t\t<\/svg>\r\n\t\t<\/div>\r\n\t<\/div>\r\n\r\n\t\r\n\t\r\n\t<div class='proinput'>\r\n        <form role=\"search\" action='#' autocomplete=\"off\"\r\n\t\t\t  aria-label=\"Search form\">\r\n\t\t\t<input aria-label=\"Search input\"\r\n\t\t\t\t   type='search' class='orig'\r\n\t\t\t\t   tabindex=\"0\"\r\n\t\t\t\t   name='phrase'\r\n\t\t\t\t   placeholder=''\r\n\t\t\t\t   value=''\r\n\t\t\t\t   autocomplete=\"off\"\/>\r\n\t\t\t<input aria-label=\"Search autocomplete input\"\r\n\t\t\t\t   type='text'\r\n\t\t\t\t   class='autocomplete'\r\n\t\t\t\t   tabindex=\"-1\"\r\n\t\t\t\t   name='phrase'\r\n\t\t\t\t   value=''\r\n\t\t\t\t   autocomplete=\"off\" disabled\/>\r\n\t\t\t<input type='submit' value=\"Start search\" style='width:0; height: 0; visibility: hidden;'>\r\n\t\t<\/form>\r\n\t<\/div>\r\n\r\n\t\r\n\t\r\n\t<button class='promagnifier' tabindex=\"0\" aria-label=\"Search magnifier button\">\r\n\t\t\t\t<span class='innericon' style=\"display:block;\">\r\n\t\t\t<svg version=\"1.1\" xmlns=\"http:\/\/www.w3.org\/2000\/svg\" xmlns:xlink=\"http:\/\/www.w3.org\/1999\/xlink\" x=\"0px\" y=\"0px\" width=\"22\" height=\"22\" viewBox=\"0 0 512 512\" enable-background=\"new 0 0 512 512\" xml:space=\"preserve\">\r\n\t\t\t\t\t<path d=\"M460.355,421.59L353.844,315.078c20.041-27.553,31.885-61.437,31.885-98.037\r\n\t\t\t\t\t\tC385.729,124.934,310.793,50,218.686,50C126.58,50,51.645,124.934,51.645,217.041c0,92.106,74.936,167.041,167.041,167.041\r\n\t\t\t\t\t\tc34.912,0,67.352-10.773,94.184-29.158L419.945,462L460.355,421.59z M100.631,217.041c0-65.096,52.959-118.056,118.055-118.056\r\n\t\t\t\t\t\tc65.098,0,118.057,52.959,118.057,118.056c0,65.096-52.959,118.056-118.057,118.056C153.59,335.097,100.631,282.137,100.631,217.041\r\n\t\t\t\t\t\tz\"\/>\r\n\t\t\t\t<\/svg>\r\n\t\t<\/span>\r\n\t<\/button>\r\n\r\n\t\r\n\t\r\n\t<div class='proloading'>\r\n\r\n\t\t<div class=\"asl_loader\"><div class=\"asl_loader-inner asl_simple-circle\"><\/div><\/div>\r\n\r\n\t\t\t<\/div>\r\n\r\n\t\t\t<div class='proclose'>\r\n\t\t\t<svg version=\"1.1\" xmlns=\"http:\/\/www.w3.org\/2000\/svg\" xmlns:xlink=\"http:\/\/www.w3.org\/1999\/xlink\" x=\"0px\"\r\n\t\t\t\t y=\"0px\"\r\n\t\t\t\t width=\"12\" height=\"12\" viewBox=\"0 0 512 512\" enable-background=\"new 0 0 512 512\"\r\n\t\t\t\t xml:space=\"preserve\">\r\n\t\t\t\t<polygon points=\"438.393,374.595 319.757,255.977 438.378,137.348 374.595,73.607 255.995,192.225 137.375,73.622 73.607,137.352 192.246,255.983 73.622,374.625 137.352,438.393 256.002,319.734 374.652,438.378 \"\/>\r\n\t\t\t<\/svg>\r\n\t\t<\/div>\r\n\t\r\n\t\r\n<\/div>\t<\/div>\r\n\t<div class='asl_data_container' style=\"display:none !important;\">\r\n\t\t<div class=\"asl_init_data wpdreams_asl_data_ct\"\r\n\t style=\"display:none !important;\"\r\n\t id=\"asl_init_id_1\"\r\n\t data-asl-id=\"1\"\r\n\t data-asl-instance=\"1\"\r\n\t data-asldata=\"ew0KCSJob21ldXJsIjogImh0dHBzOi8vd3d3LmFsYmVkby5pdC8iLA0KCSJyZXN1bHRzdHlwZSI6ICJ2ZXJ0aWNhbCIsDQoJInJlc3VsdHNwb3NpdGlvbiI6ICJob3ZlciIsDQoJIml0ZW1zY291bnQiOiA0LA0KCSJjaGFyY291bnQiOiAgMywNCgkiaGlnaGxpZ2h0IjogMCwNCgkiaGlnaGxpZ2h0d2hvbGV3b3JkcyI6IDEsDQoJInNpbmdsZUhpZ2hsaWdodCI6IDAsDQoJInNjcm9sbFRvUmVzdWx0cyI6IHsNCgkJImVuYWJsZWQiOiAwLA0KCQkib2Zmc2V0IjogMA0KCX0sDQoJInJlc3VsdGFyZWFjbGlja2FibGUiOiAxLA0KCSJhdXRvY29tcGxldGUiOiB7DQoJCSJlbmFibGVkIiA6IDEsDQoJCSJsYW5nIiA6ICJlbiIsDQoJCSJ0cmlnZ2VyX2NoYXJjb3VudCIgOiAwDQoJfSwNCgkibW9iaWxlIjogew0KCQkibWVudV9zZWxlY3RvciI6ICIjbWVudS10b2dnbGUiDQoJfSwNCgkidHJpZ2dlciI6IHsNCgkJImNsaWNrIjogImFqYXhfc2VhcmNoIiwNCgkJImNsaWNrX2xvY2F0aW9uIjogInNhbWUiLA0KCQkidXBkYXRlX2hyZWYiOiAwLA0KCQkicmV0dXJuIjogImFqYXhfc2VhcmNoIiwNCgkJInJldHVybl9sb2NhdGlvbiI6ICJzYW1lIiwNCgkJImZhY2V0IjogMCwNCgkJInR5cGUiOiAxLA0KCQkicmVkaXJlY3RfdXJsIjogIj9zPXtwaHJhc2V9IiwNCgkJImRlbGF5IjogMzAwDQoJfSwNCiAgICAiYW5pbWF0aW9ucyI6IHsNCiAgICAgICAgInBjIjogew0KICAgICAgICAgICAgInNldHRpbmdzIjogew0KICAgICAgICAgICAgICAgICJhbmltIiA6ICJmYWRlZHJvcCIsDQogICAgICAgICAgICAgICAgImR1ciIgIDogMzAwDQogICAgICAgICAgICB9LA0KICAgICAgICAgICAgInJlc3VsdHMiIDogew0KCQkJCSJhbmltIiA6ICJmYWRlZHJvcCIsDQoJCQkJImR1ciIgIDogMzAwDQogICAgICAgICAgICB9LA0KICAgICAgICAgICAgIml0ZW1zIiA6ICJ2b2lkYW5pbSINCiAgICAgICAgfSwNCiAgICAgICAgIm1vYiI6IHsNCiAgICAgICAgICAgICJzZXR0aW5ncyI6IHsNCiAgICAgICAgICAgICAgICAiYW5pbSIgOiAiZmFkZWRyb3AiLA0KICAgICAgICAgICAgICAgICJkdXIiICA6IDMwMA0KICAgICAgICAgICAgfSwNCiAgICAgICAgICAgICJyZXN1bHRzIiA6IHsNCgkJCQkiYW5pbSIgOiAiZmFkZWRyb3AiLA0KCQkJCSJkdXIiICA6IDMwMA0KICAgICAgICAgICAgfSwNCiAgICAgICAgICAgICJpdGVtcyIgOiAidm9pZGFuaW0iDQogICAgICAgIH0NCiAgICB9LA0KCSJhdXRvcCI6IHsNCgkJInN0YXRlIjogImRpc2FibGVkIiwNCgkJInBocmFzZSI6ICIiLA0KCQkiY291bnQiOiAxCX0sDQogICAgInJlc1BhZ2UiOiB7DQogICAgICAgICJ1c2VBamF4IjogMCwNCiAgICAgICAgInNlbGVjdG9yIjogIiNtYWluIiwNCiAgICAgICAgInRyaWdnZXJfdHlwZSI6IDEsDQogICAgICAgICJ0cmlnZ2VyX2ZhY2V0IjogMSwNCiAgICAgICAgInRyaWdnZXJfbWFnbmlmaWVyIjogMCwNCiAgICAgICAgInRyaWdnZXJfcmV0dXJuIjogMCAgICB9LA0KCSJyZXN1bHRzU25hcFRvIjogImxlZnQiLA0KICAgICJyZXN1bHRzIjogew0KICAgICAgICAid2lkdGgiOiAiYXV0byIsDQogICAgICAgICJ3aWR0aF90YWJsZXQiOiAiYXV0byIsDQogICAgICAgICJ3aWR0aF9waG9uZSI6ICJhdXRvIg0KICAgIH0sDQoJInNldHRpbmdzaW1hZ2Vwb3MiOiAicmlnaHQiLA0KCSJjbG9zZU9uRG9jQ2xpY2siOiAxLA0KCSJvdmVycmlkZXdwZGVmYXVsdCI6IDAsDQoJIm92ZXJyaWRlX21ldGhvZCI6ICJnZXQiDQp9DQo=\"><\/div>\t<div id=\"asl_hidden_data\">\r\n\t\t<svg style=\"position:absolute\" height=\"0\" width=\"0\">\r\n\t\t\t<filter id=\"aslblur\">\r\n\t\t\t\t<feGaussianBlur in=\"SourceGraphic\" stdDeviation=\"4\"\/>\r\n\t\t\t<\/filter>\r\n\t\t<\/svg>\r\n\t\t<svg style=\"position:absolute\" height=\"0\" width=\"0\">\r\n\t\t\t<filter id=\"no_aslblur\"><\/filter>\r\n\t\t<\/svg>\r\n\t<\/div>\r\n\t<\/div>\r\n\r\n\t<div id='ajaxsearchliteres1'\r\n\t class='vertical wpdreams_asl_results asl_w asl_r asl_r_1 asl_r_1_1'>\r\n\r\n\t\r\n\t<div class=\"results\">\r\n\r\n\t\t\r\n\t\t<div class=\"resdrg\">\r\n\t\t<\/div>\r\n\r\n\t\t\r\n\t<\/div>\r\n\r\n\t\r\n\t\r\n<\/div>\r\n\r\n\t<div id='__original__ajaxsearchlitesettings1'\r\n\t\t data-id=\"1\"\r\n\t\t class=\"searchsettings wpdreams_asl_settings asl_w asl_s asl_s_1\">\r\n\t\t<form name='options'\r\n\t  aria-label=\"Search settings form\"\r\n\t  autocomplete = 'off'>\r\n\r\n\t\r\n\t\r\n\t<input type=\"hidden\" name=\"filters_changed\" style=\"display:none;\" value=\"0\">\r\n\t<input type=\"hidden\" name=\"filters_initial\" style=\"display:none;\" value=\"1\">\r\n\r\n\t<div class=\"asl_option_inner hiddend\">\r\n\t\t<input type='hidden' name='qtranslate_lang' id='qtranslate_lang1'\r\n\t\t\t   value='0'\/>\r\n\t<\/div>\r\n\r\n\t\r\n\t\r\n\t<fieldset class=\"asl_sett_scroll\">\r\n\t\t<legend style=\"display: none;\">Generic selectors<\/legend>\r\n\t\t<div class=\"asl_option\" tabindex=\"0\">\r\n\t\t\t<div class=\"asl_option_inner\">\r\n\t\t\t\t<input type=\"checkbox\" value=\"exact\"\r\n\t\t\t\t\t   aria-label=\"Cerrca la parola esatta\"\r\n\t\t\t\t\t   name=\"asl_gen[]\" \/>\r\n\t\t\t\t<div class=\"asl_option_checkbox\"><\/div>\r\n\t\t\t<\/div>\r\n\t\t\t<div class=\"asl_option_label\">\r\n\t\t\t\tCerrca la parola esatta\t\t\t<\/div>\r\n\t\t<\/div>\r\n\t\t<div class=\"asl_option\" tabindex=\"0\">\r\n\t\t\t<div class=\"asl_option_inner\">\r\n\t\t\t\t<input type=\"checkbox\" value=\"title\"\r\n\t\t\t\t\t   aria-label=\"Cerca nei titoli\"\r\n\t\t\t\t\t   name=\"asl_gen[]\"  checked=\"checked\"\/>\r\n\t\t\t\t<div class=\"asl_option_checkbox\"><\/div>\r\n\t\t\t<\/div>\r\n\t\t\t<div class=\"asl_option_label\">\r\n\t\t\t\tCerca nei titoli\t\t\t<\/div>\r\n\t\t<\/div>\r\n\t\t<div class=\"asl_option\" tabindex=\"0\">\r\n\t\t\t<div class=\"asl_option_inner\">\r\n\t\t\t\t<input type=\"checkbox\" value=\"content\"\r\n\t\t\t\t\t   aria-label=\"Cerca nei contenuti\"\r\n\t\t\t\t\t   name=\"asl_gen[]\"  checked=\"checked\"\/>\r\n\t\t\t\t<div class=\"asl_option_checkbox\"><\/div>\r\n\t\t\t<\/div>\r\n\t\t\t<div class=\"asl_option_label\">\r\n\t\t\t\tCerca nei contenuti\t\t\t<\/div>\r\n\t\t<\/div>\r\n\t\t<div class=\"asl_option_inner hiddend\">\r\n\t\t\t<input type=\"checkbox\" value=\"excerpt\"\r\n\t\t\t\t   aria-label=\"Search in excerpt\"\r\n\t\t\t\t   name=\"asl_gen[]\" \/>\r\n\t\t\t<div class=\"asl_option_checkbox\"><\/div>\r\n\t\t<\/div>\r\n\t<\/fieldset>\r\n\t<fieldset class=\"asl_sett_scroll\">\r\n\t\t<legend style=\"display: none;\">Post Type Selectors<\/legend>\r\n\t\t\t\t\t<div class=\"asl_option_inner hiddend\">\r\n\t\t\t\t<input type=\"checkbox\" value=\"page\"\r\n\t\t\t\t\t   aria-label=\"Hidden option, ignore please\"\r\n\t\t\t\t\t   name=\"customset[]\" checked=\"checked\"\/>\r\n\t\t\t<\/div>\r\n\t\t\t\t<\/fieldset>\r\n\t<\/form>\r\n\t<\/div>\r\n<\/div><br \/>\n<!--W4PL_List_230-->\n<div id=\"w4pl-list-230\" class=\"w4pl\">\n\t<div id=\"w4pl-inner-230\" class=\"w4pl-inner\">\n\t\t<ul>\n\t\t\t\t\t<li class=\"post-item-576\"><a href=\"https:\/\/www.albedo.it\/?p=576\">I servizi ARM e BCK<\/a><\/li>\n\t\t\t\t\n\t\t\t\t\t<li class=\"post-item-573\"><a href=\"https:\/\/www.albedo.it\/?p=573\">La nuova infrastruttura.<\/a><\/li>\n\t\t\t\t\n\t\t\t\t\t<li class=\"post-item-570\"><a href=\"https:\/\/www.albedo.it\/?p=570\">Anche noi&#8230;<\/a><\/li>\n\t\t\t\t\n\t\t\t\t\t<li class=\"post-item-567\"><a href=\"https:\/\/www.albedo.it\/?p=567\">20 anni!!!<\/a><\/li>\n\t\t\t\t<\/ul>\n\t<\/div><!--#w4pl-inner-230-->\n<\/div><!--#w4pl-230-->\n<!--END_W4PL_List_230-->\n<br \/>\n[\/small_last]<\/p>\n","protected":false},"excerpt":{"rendered":"<p>[large] [\/large] [small_last] [\/small_last]<\/p>\n","protected":false},"author":1,"featured_media":0,"parent":0,"menu_order":0,"comment_status":"closed","ping_status":"closed","template":"","meta":{"footnotes":""},"class_list":["post-906","page","type-page","status-publish","hentry","entry"],"_links":{"self":[{"href":"https:\/\/www.albedo.it\/index.php?rest_route=\/wp\/v2\/pages\/906","targetHints":{"allow":["GET"]}}],"collection":[{"href":"https:\/\/www.albedo.it\/index.php?rest_route=\/wp\/v2\/pages"}],"about":[{"href":"https:\/\/www.albedo.it\/index.php?rest_route=\/wp\/v2\/types\/page"}],"author":[{"embeddable":true,"href":"https:\/\/www.albedo.it\/index.php?rest_route=\/wp\/v2\/users\/1"}],"replies":[{"embeddable":true,"href":"https:\/\/www.albedo.it\/index.php?rest_route=%2Fwp%2Fv2%2Fcomments&post=906"}],"version-history":[{"count":7,"href":"https:\/\/www.albedo.it\/index.php?rest_route=\/wp\/v2\/pages\/906\/revisions"}],"predecessor-version":[{"id":1049,"href":"https:\/\/www.albedo.it\/index.php?rest_route=\/wp\/v2\/pages\/906\/revisions\/1049"}],"wp:attachment":[{"href":"https:\/\/www.albedo.it\/index.php?rest_route=%2Fwp%2Fv2%2Fmedia&parent=906"}],"curies":[{"name":"wp","href":"https:\/\/api.w.org\/{rel}","templated":true}]}}