{"id":1195,"date":"2018-05-26T21:06:10","date_gmt":"2018-05-26T19:06:10","guid":{"rendered":"http:\/\/wp.albedo.it\/?page_id=1195"},"modified":"2024-06-16T11:02:01","modified_gmt":"2024-06-16T09:02:01","slug":"1195-2","status":"publish","type":"page","link":"https:\/\/www.albedo.it\/?page_id=1195","title":{"rendered":"Privacy"},"content":{"rendered":"<h1>GDPR: aggiornamenti e modifiche al trattamento dei dati personali di Clienti ed Utenti dei nostri servizi di comunicazione elettronica<\/h1>\n<p>Gentile Cliente\/Utente,<\/p>\n<p>come probabilmente sapr\u00e0, la definitiva entrata in vigore del nuovo Regolamento Generale sulla Protezione dei Dati CE\/679\/16 (GDPR), 25 maggio 2018 in Europa &#8211; a tutela delle persone fisiche \u2013 ha introdotto importanti e significativi cambiamenti nella disciplina del trattamento dei dati personali. In ottemperanza al nuovo regolamento anche la nostra Informativa \u00e8 stata aggiornata in modo da recepire queste innovazioni e cambiamenti. Il nuovo testo relativo al trattamento dei dati personali ha assunto validit\u00e0 per gli attuali Clienti ed Utenti (<strong>anche indiretti, cio\u00e8 provenienti da ns. rivenditori e\/o da accordi, commerciali o meno, con altre societ\u00e0\u00a0<\/strong>) a far data dal 25 maggio 2018.<\/p>\n<p><strong>Cos&#8217;\u00e8 il GDPR<\/strong><\/p>\n<p>Il GDPR sancisce le nuove norme relative alla protezione delle persone fisiche con riguardo al trattamento dei dati personali, nonch\u00e9 norme relative alla libera circolazione di tali dati valide globalmente a livello Europeo. Allo stesso tempo, impone degli obblighi alle aziende che si occupano del trattamento dei dati personali, per i quali \u00e8 ora prevista maggiore protezione. La nostra Informativa Privacy \u00e8 stata aggiornata coerentemente con i requisiti del GDPR.<\/p>\n<p><strong>Trasparenza<\/strong><\/p>\n<p>E importante, per noi, che Lei comprenda come e perch\u00e9 usiamo i Suoi dati, in tal modo potr\u00e0 controllarne efficacemente l&#8217;utilizzo. Desideriamo inoltre che Lei sia \u00a0al corrente dei diritti che Le vengono riconosciuti dalla nuova normativa relativamente ai Suoi dati.<\/p>\n<p>La nuova informativa, che riportiamo di seguito, si articola nelle sezioni:<\/p>\n<ul>\n<li>\n<h4><strong><em>Basi giuridiche<\/em><\/strong><\/h4>\n<\/li>\n<li>\n<h4><strong><em>Finalit\u00e0 del trattamento<\/em><\/strong><\/h4>\n<\/li>\n<li>\n<h4><strong><em>Tipologie di trattamenti eseguite sui dati personali<\/em><\/strong><\/h4>\n<\/li>\n<li>\n<h4><strong><em>Localizzazione dei dati<\/em><\/strong><\/h4>\n<\/li>\n<li>\n<h4><strong><em>Ambito di comunicazione e diffusione<\/em><\/strong><\/h4>\n<\/li>\n<li>\n<h4><strong><em>Misure di sicurezza<\/em><\/strong><\/h4>\n<\/li>\n<li>\n<h4><strong><em>Esercizio dei diritti dell&#8217;interessato<\/em><\/strong><\/h4>\n<\/li>\n<\/ul>\n<p>Cordialmente,<\/p>\n<p>Albedo S.r.l.<\/p>\n<h3>INFORMATIVA AI SENSI DEGLI ARTT. DA 13 A 22 DEL REG. CE 679\/16 SULLA<br \/>\nEROGAZIONE DEI SERVIZI DI COMUNICAZIONE ELETTRONICA<\/h3>\n<p><strong>GPDR e Basi Giuridiche del Trattamento<\/strong><\/p>\n<p>Con questo atto, e ai sensi degli artt. da 13 a 22 del Reg. CE 679\/2016, Albedo S.r.l.. quale Titolare del trattamento, desidera informare del modo in cui tratta i dati personali dei propri Clienti ed Utenti in relazione ai servizi di comunicazione elettronica oggetto di rapporto contrattuale (anche gratuito). Il Responsabile della Protezione dei Dati \u00e8 Rosa Grande, raggiungibile all&#8217;indirizzo\u00a0<a href=\"mailto:dpo@albedo.it\">dpo@albedo.it<\/a>. I trattamenti vengono eseguiti ai sensi dell&#8217;art. 6 comma I lettere b), e), f) Reg. CE 679\/2016 allo scopo di fornire al Cliente\/Utente i servizi sottoscritti e per rispondere ad obblighi di legge relativamente ed esclusivamente basati sulle \u00a0basi giuridiche qui sotto elencate:<\/p>\n<ul>\n<li><strong><em>Reg. CE 679\/16 &#8211; Regolamento generale sulla protezione dei dati personali<\/em><\/strong><\/li>\n<li><strong><em>L. 48\/08 &#8211; Recepimento della Convenzione europea sul crimine informatico<\/em><\/strong><\/li>\n<li><strong><em>D.lgs. 68\/03 &#8211; Attuazione della DIR 29\/01\/EU<\/em><\/strong><\/li>\n<li><strong><em>D.lgs. 70\/03 &#8211; Attuazione della DIR 31\/00\/EU<\/em><\/strong><\/li>\n<li><strong><em>Codice civile<\/em><\/strong><\/li>\n<li><strong><em>Codice di procedura civile<\/em><\/strong><\/li>\n<li><strong><em>Codice penale<\/em><\/strong><\/li>\n<li><strong><em>Codice di procedura penale<\/em><\/strong><\/li>\n<li><strong><em>L. 633\/41 &#8211; Legge sul diritto d&#8217;autore<\/em><\/strong><\/li>\n<li><strong><em>D.lgs. 196\/03 &#8211; Codice dei dati personali<\/em><\/strong><\/li>\n<li><strong><em>D.lgs 259\/03 &#8211; Codice delle comunicazioni elettroniche<\/em><\/strong><\/li>\n<li><strong><em>D.lgs. 206\/05 &#8211; Codice del consumo<\/em><\/strong><\/li>\n<li><strong><em>D.lgs. 30\/05 &#8211; Codice della propriet\u00e0 industriale<\/em><\/strong><\/li>\n<li><strong><em>D.lgs. 82\/05 &#8211; Codice dell&#8217;amministrazione digitale<\/em><\/strong><\/li>\n<li><strong><em>L. 40\/2007 &#8211; Misure urgenti per la tutela dei consumatori (Legge Bersani)<\/em><\/strong><\/li>\n<li><strong><em>Provvedimenti dell&#8217;Autorit\u00e0 giudiziaria ordinaria e amministrativa<\/em><\/strong><\/li>\n<li><strong><em>Provvedimenti dell&#8217;Azienda Autonoma Monopoli di Stato<\/em><\/strong><\/li>\n<li><strong><em>Provvedimenti dell&#8217;Autorit\u00e0 per le garanzie nelle comunicazioni<\/em><\/strong><\/li>\n<li><strong><em>Provvedimenti dell&#8217;Autorit\u00e0 garante per la concorrenza e il mercato<\/em><\/strong><\/li>\n<li><strong><em>Provvedimenti dell&#8217;Autorit\u00e0 garante per la protezione dei dati personali<\/em><\/strong>.<\/li>\n<\/ul>\n<p><strong>1 &#8211; Tipologia di dati trattati e periodo di conservazione<\/strong><\/p>\n<p>1.1 Le tipologie di dati trattati sono:<\/p>\n<ul>\n<li><strong><em>Nome, cognome<\/em><\/strong><\/li>\n<li><strong><em>Luogo e data di nascita<\/em><\/strong><\/li>\n<li><strong><em>Codice fiscale\/P.IVA<\/em><\/strong><\/li>\n<li><strong><em>Residenza\/Sede legale<\/em><\/strong><\/li>\n<li><strong><em>Codice cliente<\/em><\/strong><\/li>\n<li><strong><em>E-mail<\/em><\/strong><\/li>\n<li><strong><em>Codici di migrazione<\/em><\/strong><\/li>\n<li><strong><em>Credenziali di autenticazione per l&#8217;accesso a pannello di gestione<\/em><\/strong><\/li>\n<li><strong><em>Credenziali di autenticazione per l&#8217;accesso ad apparati in comodato d\u2019uso<\/em><\/strong><\/li>\n<li><strong><em>Numeri IP<\/em><\/strong><\/li>\n<li><strong><em>Nomi a dominio<\/em><\/strong><\/li>\n<li><strong><em>Dati di traffico telematico<\/em><\/strong><\/li>\n<li><strong><em>Dati di traffico telefonico.<\/em><\/strong><\/li>\n<\/ul>\n<p><strong>1.2- Periodo di conservazione<\/strong><\/p>\n<p>Albedo S.r.l. conserva i dati personali del Cliente\/Utente, indicati in precedenza, per un lasso di tempo determinato da:<\/p>\n<ul>\n<li><em>codice penale<\/em><\/li>\n<li><em>codice civile<\/em><\/li>\n<li><em>leggi od altri atti, relative a materie quali \u00a0responsabilit\u00e0, prescrizione e cooperazione con l&#8217;Autorit\u00e0 Giudiziaria.<\/em><\/li>\n<\/ul>\n<p><strong><em>Decorso questo termine i dati vengono distrutti.<\/em><\/strong><\/p>\n<p><strong>2 &#8211; Finalit\u00e0 del trattamento<\/strong><\/p>\n<p><em><strong>2.1 \u2013\u00a0<\/strong><\/em><em>Le Finalit\u00e0 sono esclusivamente quelle obbligatorie per legge, indispensabili per l&#8217;adempimento agli obblighi contrattuali, alla tutela dei diritti dell&#8217;azienda in relazione a Clienti e Utenti<\/em><\/p>\n<ul>\n<li><em>Adempimento ad ordini dell&#8217;Autorit\u00e0 Giudiziaria e\/o delle Autorit\u00e0 indipendenti (Quali ad es. il Garante della Privacy od il Garante delle Telecomunicazioni) .<\/em><\/li>\n<li><em>Gestione dei rapporti in fase pre-contratto<\/em><\/li>\n<li><em>Adempimento agli obblighi derivanti dal contratto<\/em><\/li>\n<li><em>Adempimento agli obblighi derivanti da normative<\/em><\/li>\n<li><em>Tutela dei diritti aziendali<\/em><\/li>\n<\/ul>\n<p><strong>3 &#8211; Tipologie di trattamenti eseguite sui dati personali<\/strong><\/p>\n<ul>\n<li><em>Raccolta tramite compilazione di moduli contrattuali cartacei<\/em><\/li>\n<li><em>Raccolta tramite compilazione di moduli elettronici (Form)<\/em><\/li>\n<li><em>Caricamento su sistemi informativi interni \u00a0per la gestione contrattuale, amministrativa e tecnologica<\/em><\/li>\n<li><em>Comunicazione al gestore di anagrafiche IP &#8211; Reseaux IP Europ\u00e8ens Network Coordination Centre (RIPE NCC EU o Registro Europeo per l&#8217;assegnazione degli IP)per l\u2019assegnazione di blocchi di indirizzi superiori ad uno<\/em><\/li>\n<li><em>Comunicazione ad Enti e Autorit\u00e0 pubbliche dei dati di traffico, previa elaborazione caratterizzabile da selezione, ricerca, estrazione. (Esempio: Richiesta di \u00a0Accertamenti da parte della \u00a0Autorit\u00e0 Giudiziaria)<\/em><\/li>\n<li><em>Conservazione separata dei dati personali che dovessero essere conservati su richiesta specifica della Autorit\u00e0 Giudiziaria inoltrando tali dati a sistemi di memorizzazione separata con misure di sicurezza innalzate (strong-authentication) e quindi distinti dai normali sistemi di log utilizzati per attivit\u00e0 ordinarie.<\/em><\/li>\n<li><em>Filtraggio selettivo e automatizzato del traffico tramite sistemi di intrusion detection, antispam ed antivirus<\/em><\/li>\n<li><em>Blocco selettivo della raggiungibilit\u00e0 di \u00a0risorse di rete (indirizzi IP, domini, Host) su ordine delle Autorit\u00e0 pubbliche (ad esempio siti di commercio elettronico indicati come fraudolenti dalle Autorit\u00e0 Competenti o siti di giochi on line non autorizzati)<\/em><\/li>\n<li><em>Comunicazione ad aziende prestatrici di servizi di logistica, trasporti e spedizione (per la consegna di apparati)<\/em><\/li>\n<li><em>Messa a disposizione a societ\u00e0 terze per la gestione dell&#8217;assistenza Clienti<\/em><\/li>\n<li><em>Elaborazione delle informazioni relative al numero di chiamante telefoniche (data, ora e durata) per consentire al Cliente di verificare la correttezza dei costi attribuiti ,<\/em><\/li>\n<li><em>La \u00a0durata dei collegamenti dati (IP e protocolli TCP\/IP, SMTP ecc.) per verificare l&#8217;impiego del servizio e l\u2019efficienza e la qualit\u00e0 dei servizi offerti.<\/em><\/li>\n<li><em>Memorizzazione automatica dei contenuti (ad esempio caselle vocali, di cui comunque l\u2019utente mantiene il completo controllo potendo eliminare autonomamente i contenuti registrati)<\/em><\/li>\n<li><em>Invio e ricezione di posta elettronica<\/em><\/li>\n<li><em>Cancellazione su richiesta dell&#8217;interessato od a seguito di cessazione della base giuridica su cui si fonda il trattamento.<\/em><\/li>\n<\/ul>\n<p><strong>4 &#8211; Localizzazione dei dati<\/strong><\/p>\n<p>I dati sono conservati presso strutture, anche data-centre, localizzati all\u2019interno dell&#8217;Unione Europea.<\/p>\n<p><strong>5 &#8211; Ambito di comunicazione e diffusione<\/strong><\/p>\n<p>Il Cliente \u00e8 informato che:<\/p>\n<ul>\n<li><em>Data la natura del protocollo TCP\/IP su cui si fondano le comunicazioni attraverso la rete Internet \u00a0e per la struttura tecnica e organizzativa della stessa dati \u00a0che il Cliente spedisce e riceve sotto forma di \u201cpacchetti IP\u201d possono transitare anche al di fuori della Comunit\u00e0 Europea, ad esempio a causa dell\u2019instradamento (routing) dei pacchetti di informazione che \u00e8 definito dai gestori delle reti che compongono, la &#8220;grande Internet&#8221; e quindi non sotto il totale controllo della Albedo S.r.l.<\/em><\/li>\n<li><em>i dati che vengono inseriti quando si registra un nome a dominio europei (ad es. .it,.eu, etc) possono essere resi disponibili tramite i servizi Whois del Registro competente pur essendo esso europeo anche al di fuori della UE, o tramite i servizi Whois di altri fornitori di servizi di registrazione di nomi a dominio localizzati al di fuori della UE. Albedo \u00a0\u00e8 estranea a questi trattamenti e il Cliente dovr\u00e0 rivolgersi direttamente ai singoli Titolari del trattamento se interessato ad attivare ove previsto opportune funzioni di oscuramento delle informazioni di contatto<\/em><\/li>\n<li><em>i dati che si inseriscono quando viene richiesta l&#8217;assegnazione di blocchi di indirizzi IP possono essere pubblicati da entit\u00e0 europee (particolarmente il gi\u00e0 citato RIPE, il Registro Europeo delle assegnazioni delle numerazioni di rete)<\/em><\/li>\n<li><em>il CERT (Computer Emergency Response Team) Nazionale Italia del Ministero dello sviluppo economico svolge di continuo e in totale autonomia attivit\u00e0 di Info Sharing con gli altri CERT dell&#8217;Unione Europea che coinvolgono gli IP pubblici della rete italiana, e dunque anche quelli del Cliente. I risultati delle attivit\u00e0 su IP dei Clienti vengono comunicate a Albedo ma non ci sono informazioni su chi altri abbia accesso ai dati in questione. Albedo \u00e8 del tutto estranea a queste attivit\u00e0, ai risultati prodotti, nonch\u00e8 ai tempi e modi delle stesse<\/em><\/li>\n<li><em>I server della Albedo S.r.l che gestiscono servizi DNS atti a realizzare la conversione tra nome a dominio in indirizzi IP per dar corso alle richieste di connessione originate dal cliente, sono sistemi standard ed automatizzati. Il Cliente non \u00e8 obbligato ad utilizzare esclusivamente i DNS forniti in sede di configurazione del servizio e liberamente pu\u00f2 utilizzare altri DNS (anche propri). Nel caso utilizzi i DNS di Albedo S.r.l. essi possono essere oggetto di monitoraggio ed eventualmente bloccare l\u2019accesso ad alcuni siti in esecuzione di provvedimenti della magistratura e\/o delle Autorit\u00e0 indipendenti<\/em><\/li>\n<li><em>Parte dei dati relativi alla navigazione sono gestiti localmente in sede cliente, dai suoi computer e dai software utilizzati per la navigazione (Browser). Sar\u00e0 quindi compito del Cliente gestire la sicurezza di questi dati e la loro cancellazione<\/em><\/li>\n<li><em>i sistemi antispam offerti sui sistemi di posta elettronica gestiti da Albedo S.r.l.(anche per conto cliente) si appoggiano sull\u2019utilizzo l&#8217;utilizzo di blacklist gestite da soggetti terzi. Il dominio o l\u2019indirizzo IP del mittente o del destinatario potrebbero essere inclusi, per regioni non controllabili da Albedo S.r.l., in una di queste liste impedendo l\u2019invio o la ricezione di messaggi. \u00a0Albedo S.r.l. non ha alcun titolo giuridico per intervenire sui gestori delle blacklist che possono essere anche localizzati al di fuori della UE, a parte la eventuale richiesta di rimozione \u00a0che comunque non \u00e8 obbligatoria da parte del gestore della blacklist e pu\u00f2 avvenire in temi non certi<\/em><\/li>\n<li><em>i servizi di hosting e di trasporto della posta elettronica non impediscono al Cliente che lo desideri la crittazione dei messaggi n\u00e9 viene richiesta nel caso la consegna delle chiavi di decrittazione. Su richiesta Autorit\u00e0 competenti di accesso ai dati memorizzati dal Cliente presso i nostri server gli stessi, comunque, potranno essere consegnati anche se cifrati<\/em><\/li>\n<li><em>i servizi di terze parti &#8211; come per esempio servizio di backup in cloud &#8211; anche se commercializzati da Albedo sono soggetti esclusivamente alla specifica regolamentazione definita autonomamente dal fornitore stesso. Il Cliente \u00e8 pertanto tenuto a verificare le politiche di comunicazione e diffusione &#8211; e in generale di trattamento &#8211; dei dati personali adottate. In particolare, il Cliente \u00e8 informato che i servizi Microsoft implicano la possibilit\u00e0, per Microsoft e\/o suoi incaricati, di eseguire controlli diretti sui servizi acquistati tramite Albedo. Relativamente ai \u00a0servizi di backup in cloud i servizi offerti da Albedo S.r.l. prevedono che i dati vengano registrati in data-centre interni alla comunit\u00e0 europea e vengano criptati attraverso l\u2019uso di algoritmi non invertibili su base di una \u201cpassphrase\u201d nota la cliente (che quindi sar\u00e0 l\u2019unico in grado di procedere alla decrittazione)<\/em><\/li>\n<li><em>le attivit\u00e0 per fini di giustizia &#8211; intercettazioni, accesso a dati di traffico e altri interventi tecnici &#8211; sono coperti da segreto istruttorio e, senza ordine specifico dell&#8217;Autorit\u00e0 Giudiziaria non possono essere oggetto di informazione al Cliente<\/em><\/li>\n<li><em>i log generati dai sistemi del Cliente sono di sua titolarit\u00e0 e pertanto il Cliente ha diritto di ottenerne copia<\/em><\/li>\n<li><em>gli apparati concessi in comodato al Cliente sono sotto il controllo di Albedo che ha la possibilit\u00e0 &#8211; tramite amministratori di sistema appositamente nominati &#8211; di accedervi per necessit\u00e0 di assistenza tecnica<\/em><\/li>\n<li><em>i servizi di sicurezza informatica che utilizzano specifici apparati dedicati (detti appliance, eventualmente anche tramite server virtuali) se richiesti dal Cliente vengono erogati utilizzando apparati e software di terze parti. La natura e la granularit\u00e0 dei dati generati dagli apparati cos\u00ec come la loro diffusione e registrazione sono decise direttamente dal produttore dell&#8217;apparato o software utilizzato e la Albedo S.r.l. non ha alcun titolo giuridico per modificare le scelte tecnologiche effettuate da quest\u2019ultimo. In particolare, il Cliente \u00e8 cosciente che l&#8217;uso di appliance (hardware o software) di sicurezza potrebbe implicare, da parte del produttore, l&#8217;attivazione di servizi di monitoraggio, telemetria o di altro tipo diretti ad ottenere l&#8217;accesso all&#8217;apparato stesso<\/em><\/li>\n<\/ul>\n<p><strong>6 &#8211; Misure di sicurezza<\/strong><\/p>\n<p><strong><br \/>\n<em>6.1 &#8211; Misure tecniche<\/em><\/strong><\/p>\n<ul>\n<li><em>I software e i database utilizzati sono oggetto di audit di conformit\u00e0 ai principi di data-protection by design e data-protection by default. In particolare l\u2019accesso agli stessi \u00e8 possibile esclusivamente attraverso la rete privata interna di Albedo S.r.l. dopo essersi autenticati tramite password complessa sulla stessa e previa una seconda autenticazione sul software di gestione.<\/em><\/li>\n<li><em>Eventuali dati \u00a0di traffico telematico trattati per finalit\u00e0 di giustizia verranno gestiti tramite server isolati e fisicamente separati, con accesso mediante doppia autenticazione (password e pincode a generazione casuale, validit\u00e0 temporale limitata ad un minuto e singolo utilizzo. sono gestiti tramite server separati, isolati fisicamente), con log di accesso registrati.<\/em><\/li>\n<li><em>La rete aziendale \u00e8 protetta da firewall e sistemi di anti-intrusione. I singoli Computer, siano essi PC o Server, indipendentemente dal sistema operativo, sono dotati di antivirus ed antimalware NON freeware.<\/em><\/li>\n<li><em>E&#8217; presente un sistema antispam e antivirus sul sistema che gestisce la posta elettronica interna.<\/em><\/li>\n<li><em>Nei limiti della possibilit\u00e0 tecnica di verifica le connessioni VPN realizzate direttamente da Albedo per il cliente sono prive di \u00a0backdoor o altre forme di registrazione occulta del traffico.<\/em><\/li>\n<\/ul>\n<p><strong><em>6.1 &#8211; Misure tecniche<\/em><\/strong><\/p>\n<ul>\n<li><em>E&#8217; nominato un Responsabile della Protezione dei Dati (RPD o DPO, Data Protection Officer)<\/em><\/li>\n<li><em>I trattamenti e le scelte organizzative\/tecniche incidenti sulla sicurezza dati personali coinvolgono il Responsabile della protezione dei dati<\/em><\/li>\n<li><em>Sono individuati gli amministratori di sistema<\/em><\/li>\n<li><em>Sono individuati gli autorizzati al trattamento<\/em><\/li>\n<li><em>Sono eseguiti e pianificati test di vulnerabilit\u00e0 dei sistemi informativi e dell&#8217;infrastruttura di rete con cadenza almeno annuale.<\/em><\/li>\n<li><em>E&#8217; presente una procedura di gestione delle emergenze informatiche<\/em><\/li>\n<li><em>I sistemi di gestione interni sono protetti dalla perdita di dati attraverso backup con cadenza giornaliera o settimanale a seconda dei dati trattati<\/em><\/li>\n<li><em>E&#8217; presente una procedura di gestione del Data-Breach.<\/em><\/li>\n<\/ul>\n<p><strong>7 &#8211; Esercizio dei diritti di cui agli articoli 13-25 Reg. CE 679\/2016<\/strong><\/p>\n<p>Il Reg. CE 679\/16, agli articoli da 13 a 22 garantisce all&#8217;interessato svariati diritti inclusi quelli di ottenere la rettifica dei dati trattati da Albedo S.r.l. e la cancellazione degli stessi o il blocco dei trattamenti.<br \/>\nGli stessi diritti possono essere esercitati nei confronti di Albedo S.r.l. anche a seguito della cessazione, per qualsiasi titolo, del rapporto contrattuale.<\/p>\n<p>I diritti possono essere esercitati rivolgendo le richieste all\u2019ufficio competente tramite e-mail all\u2019indirizzo\u00a0<a href=\"mailto:gdpr@albedo.it\">gdpr@albedo.it<\/a>\u00a0segnalando esattamente il dato personale interessato dalla richiesta e la ragione della richiesta di modifica, aggiornamento, cancellazione, blocco e portabilit\u00e0.<br \/>\nIn caso di particolari necessit\u00e0 e\/o controversiste \u00e8 anche possibile rivolgendosi direttamente al Responsabile per la protezione dei dati, raggiungibile all&#8217;indirizzo\u00a0<a href=\"mailto:dpo@albedo.it\">dpo@albedo.it<\/a><\/p>\n<p>La richiesta in ogni caso dovr\u00e0 essere indirizzata a Albedo S.r.l. &#8211; Titolare del trattamento, presso la sede legale dell&#8217;azienda insieme a un documento di identit\u00e0 del richiedente, nel caso si tratti di un delegato \u00e8 anche necessario inviare copia della delega specifica di attribuzione potere.<\/p>\n<p>Entro trenta giorni dalla ricezione della richiesta, Albedo S.r.l. comunicher\u00e0 l&#8217;accoglimento della richiesta o il suo diniego (nel caso con motivazione chiaramente dettagliate).<\/p>\n<p>E&#8217; sempre possibile per il Cliente\/Utente o suo delegato far valere i diritti garantiti dal Regolamento oggetto della presente all&#8217;Autorit\u00e0 garante per la protezione dei dati personali o all&#8217;Autorit\u00e0 Giudiziaria ordinaria.<\/p>\n","protected":false},"excerpt":{"rendered":"<p>GDPR: aggiornamenti e modifiche al trattamento dei dati personali di Clienti ed Utenti dei nostri servizi di comunicazione elettronica Gentile Cliente\/Utente, come probabilmente sapr\u00e0, la definitiva entrata in vigore del nuovo Regolamento Generale sulla Protezione dei Dati CE\/679\/16 (GDPR), 25 maggio 2018 in Europa &#8211; a tutela delle persone fisiche \u2013 ha introdotto importanti e [&hellip;]<\/p>\n","protected":false},"author":1,"featured_media":0,"parent":0,"menu_order":0,"comment_status":"closed","ping_status":"closed","template":"","meta":{"footnotes":""},"class_list":["post-1195","page","type-page","status-publish","hentry","entry"],"_links":{"self":[{"href":"https:\/\/www.albedo.it\/index.php?rest_route=\/wp\/v2\/pages\/1195","targetHints":{"allow":["GET"]}}],"collection":[{"href":"https:\/\/www.albedo.it\/index.php?rest_route=\/wp\/v2\/pages"}],"about":[{"href":"https:\/\/www.albedo.it\/index.php?rest_route=\/wp\/v2\/types\/page"}],"author":[{"embeddable":true,"href":"https:\/\/www.albedo.it\/index.php?rest_route=\/wp\/v2\/users\/1"}],"replies":[{"embeddable":true,"href":"https:\/\/www.albedo.it\/index.php?rest_route=%2Fwp%2Fv2%2Fcomments&post=1195"}],"version-history":[{"count":16,"href":"https:\/\/www.albedo.it\/index.php?rest_route=\/wp\/v2\/pages\/1195\/revisions"}],"predecessor-version":[{"id":1489,"href":"https:\/\/www.albedo.it\/index.php?rest_route=\/wp\/v2\/pages\/1195\/revisions\/1489"}],"wp:attachment":[{"href":"https:\/\/www.albedo.it\/index.php?rest_route=%2Fwp%2Fv2%2Fmedia&parent=1195"}],"curies":[{"name":"wp","href":"https:\/\/api.w.org\/{rel}","templated":true}]}}