{"id":112,"date":"2015-09-01T23:25:50","date_gmt":"2015-09-01T21:25:50","guid":{"rendered":"http:\/\/wp.albedo.it\/?page_id=112"},"modified":"2018-05-26T00:15:06","modified_gmt":"2018-05-25T22:15:06","slug":"home","status":"publish","type":"page","link":"https:\/\/www.albedo.it\/","title":{"rendered":"home"},"content":{"rendered":"<p>[large]<\/p>\n<h3>Albedo srl<\/h3>\n<div>La Telematica rappresenta oggi\u00a0 una delle realt\u00e0 pi\u00f9 in evoluzione nelle aziende.<br \/>\nReti, Internet, Connettivit\u00e0, Sicurezza, Condivisione delle informazioni, Database Distribuiti, Presenza on-line sono problemi con le quali le aziende\u00a0si confrontano ogni giorno per sviluppare al meglio il proprio business.<strong>Albedo srl\u00a0 nasce nel 1995<\/strong> con il preciso intento di dare\u00a0 una risposta professionale e qualificata\u00a0 a queste esigenze.<br \/>\nIl nostro obiettivo \u00e8 soddisfare il cliente, attraverso una attenta valutazione delle sue esigenze allo scopo di individuare la soluzione pi\u00f9 idonea.<br \/>\nSono cos\u00ec nate le seguenti aree:<\/p>\n<ul>\n<li style=\"text-align: left;\"><em>\u00a0<strong>Albedo IP Service<\/strong><\/em><\/li>\n<li style=\"text-align: left;\"><em>\u00a0<strong>Albedo VoIP Service<\/strong><\/em><\/li>\n<li style=\"text-align: left;\"><em>\u00a0<strong>Web Design<\/strong><\/em><\/li>\n<li style=\"text-align: left;\"><em>\u00a0<strong>E-Commerce System<\/strong><\/em><\/li>\n<li style=\"text-align: left;\"><em>\u00a0<strong>Engineering\u00a0&amp; Security<\/strong><\/em><\/li>\n<li style=\"text-align: left;\"><em>\u00a0<strong>Consulting<\/strong><\/em><\/li>\n<li style=\"text-align: left;\"><em>\u00a0<strong>Sales and Management<\/strong><\/em><\/li>\n<\/ul>\n<p>La flessibilit\u00e0 di Albedo \u00e8 data da una <em>struttura divisionale ed una modalit\u00e0 operativa project-oriented<\/em> che, sostanzialmente, significa offrire ad ogni nostro cliente un&#8217;unica interfaccia, il responsabile di progetto, per la soluzione dei problemi, con il preciso compito di reperire le risorse umane e tecnologiche, coordinando gli interventi delle varie divisioni.<\/p>\n<p><strong>Nel 2001 Albedo srl ha ottenuto dal RIPE, Network Coordination Center, il riconoscimento quale LIR (Local Internet Registry) e la relativa attribuzione di un Autonomous System (AS25305)<\/strong> ed\u00a0\u00e8 certificata dalla &#8220;Registration Authority\u00a0Italiana&#8221; come &#8220;Mantainer&#8221; di domini Internet.<\/p>\n<p>In questo modo Albedo gestisce in modo autonomo gli indirizzi Internet della propria rete e i diversi collegamenti verso la RETE.<\/p>\n<p><strong>Dal 2007 Albedo \u00e8 azienda\u00a0 riconosciuta dal Ministero\u00a0delle\u00a0Telecomunicazioni quale WISP WiFi Internet Provider, ITSP Internet Telephony Service Provider (VOiP)<\/strong>, operatore vocale nomadico\u00a0 con assegnazioni di numeri con prefisso 55.<\/p>\n<\/div>\n<p>[\/large]<\/p>\n<p>[small_last]<br \/>\n<!--W4PL_List_994-->\n<div id=\"w4pl-list-994\" class=\"w4pl\">\n\t<div id=\"w4pl-inner-994\" class=\"w4pl-inner\">\n\t\t<ul>\r\n<li>\r\n<h5><a class=\"post_title w4pl_post_title\" href=\"https:\/\/www.albedo.it\/?p=1210\" title=\"View Privacy Link\">Privacy Link<\/a><\/h5>\r\n<div class=\"post-excerpt\">Abbiamo Raccolto in questa pagina tutte le informazioni utili della nostra privacy policy Il testo&hellip;<\/div>\r\n<a class=\"read_more\" href=\"https:\/\/www.albedo.it\/?p=1210\" title=\"Continue reading &raquo; Privacy Link\">Continue reading &raquo;<\/a>\r\n<hr>\r\n<\/li>\r\n\r\n<li>\r\n<h5><a class=\"post_title w4pl_post_title\" href=\"https:\/\/www.albedo.it\/?p=1185\" title=\"View GPDR &#8211; Nomina DPO\">GPDR &#8211; Nomina DPO<\/a><\/h5>\r\n<div class=\"post-excerpt\">Diamo calorosamente il benvento al nostro Responsabile della Protezione dei Dati (anche detto DPO ,&hellip;<\/div>\r\n<a class=\"read_more\" href=\"https:\/\/www.albedo.it\/?p=1185\" title=\"Continue reading &raquo; GPDR &#8211; Nomina DPO\">Continue reading &raquo;<\/a>\r\n<hr>\r\n<\/li>\r\n\r\n<li>\r\n<h5><a class=\"post_title w4pl_post_title\" href=\"https:\/\/www.albedo.it\/?p=576\" title=\"View I servizi ARM e BCK\">I servizi ARM e BCK<\/a><\/h5>\r\n<div class=\"post-excerpt\">Come dicevamo, permetteteci fare un minimo di pubblicit\u00e0 ad un paio di nuovi servizi. La&hellip;<\/div>\r\n<a class=\"read_more\" href=\"https:\/\/www.albedo.it\/?p=576\" title=\"Continue reading &raquo; I servizi ARM e BCK\">Continue reading &raquo;<\/a>\r\n<hr>\r\n<\/li>\r\n\r\n<li>\r\n<h5><a class=\"post_title w4pl_post_title\" href=\"https:\/\/www.albedo.it\/?p=573\" title=\"View La nuova infrastruttura.\">La nuova infrastruttura.<\/a><\/h5>\r\n<div class=\"post-excerpt\">Nell\u2019ottica di offrire un servizio sempre pi\u00f9 stabile ed affidabile abbiamo nell\u2019ultimo anno lavorato molto&hellip;<\/div>\r\n<a class=\"read_more\" href=\"https:\/\/www.albedo.it\/?p=573\" title=\"Continue reading &raquo; La nuova infrastruttura.\">Continue reading &raquo;<\/a>\r\n<hr>\r\n<\/li>\r\n\r\n<li>\r\n<h5><a class=\"post_title w4pl_post_title\" href=\"https:\/\/www.albedo.it\/?p=570\" title=\"View Anche noi&#8230;\">Anche noi&#8230;<\/a><\/h5>\r\n<div class=\"post-excerpt\">Ebbene si! &nbsp; La decisione \u00e8 stata sofferta (non abbiamo quasi mai fatto pubblicit\u00e0), trovare&hellip;<\/div>\r\n<a class=\"read_more\" href=\"https:\/\/www.albedo.it\/?p=570\" title=\"Continue reading &raquo; Anche noi&#8230;\">Continue reading &raquo;<\/a>\r\n<hr>\r\n<\/li>\r\n\r\n<li>\r\n<h5><a class=\"post_title w4pl_post_title\" href=\"https:\/\/www.albedo.it\/?p=567\" title=\"View 20 anni!!!\">20 anni!!!<\/a><\/h5>\r\n<div class=\"post-excerpt\">Il tempo passa, non sembra vero ma in questi giorni la nostra societ\u00e0 compie 20&hellip;<\/div>\r\n<a class=\"read_more\" href=\"https:\/\/www.albedo.it\/?p=567\" title=\"Continue reading &raquo; 20 anni!!!\">Continue reading &raquo;<\/a>\r\n<hr>\r\n<\/li>\r\n<\/ul>\n\t<\/div><!--#w4pl-inner-994-->\n<\/div><!--#w4pl-994-->\n<!--END_W4PL_List_994-->\n<br \/>\n[\/small_last]<\/p>\n","protected":false},"excerpt":{"rendered":"<p>[large] Albedo srl La Telematica rappresenta oggi\u00a0 una delle realt\u00e0 pi\u00f9 in evoluzione nelle aziende. Reti, Internet, Connettivit\u00e0, Sicurezza, Condivisione delle informazioni, Database Distribuiti, Presenza on-line sono problemi con le quali le aziende\u00a0si confrontano ogni giorno per sviluppare al meglio il proprio business.Albedo srl\u00a0 nasce nel 1995 con il preciso intento di dare\u00a0 una risposta [&hellip;]<\/p>\n","protected":false},"author":1,"featured_media":0,"parent":0,"menu_order":0,"comment_status":"closed","ping_status":"closed","template":"template-home.php","meta":{"footnotes":""},"class_list":["post-112","page","type-page","status-publish","hentry","entry"],"_links":{"self":[{"href":"https:\/\/www.albedo.it\/index.php?rest_route=\/wp\/v2\/pages\/112","targetHints":{"allow":["GET"]}}],"collection":[{"href":"https:\/\/www.albedo.it\/index.php?rest_route=\/wp\/v2\/pages"}],"about":[{"href":"https:\/\/www.albedo.it\/index.php?rest_route=\/wp\/v2\/types\/page"}],"author":[{"embeddable":true,"href":"https:\/\/www.albedo.it\/index.php?rest_route=\/wp\/v2\/users\/1"}],"replies":[{"embeddable":true,"href":"https:\/\/www.albedo.it\/index.php?rest_route=%2Fwp%2Fv2%2Fcomments&post=112"}],"version-history":[{"count":68,"href":"https:\/\/www.albedo.it\/index.php?rest_route=\/wp\/v2\/pages\/112\/revisions"}],"predecessor-version":[{"id":1184,"href":"https:\/\/www.albedo.it\/index.php?rest_route=\/wp\/v2\/pages\/112\/revisions\/1184"}],"wp:attachment":[{"href":"https:\/\/www.albedo.it\/index.php?rest_route=%2Fwp%2Fv2%2Fmedia&parent=112"}],"curies":[{"name":"wp","href":"https:\/\/api.w.org\/{rel}","templated":true}]}}